{"id":5671,"date":"2015-12-01T10:13:23","date_gmt":"2015-12-01T09:13:23","guid":{"rendered":"http:\/\/www.e-takescare.com\/?page_id=5671"},"modified":"2025-07-07T10:18:46","modified_gmt":"2025-07-07T09:18:46","slug":"about","status":"publish","type":"page","link":"https:\/\/www.e-takescare.com\/es\/about","title":{"rendered":"Sobre nosotros"},"content":{"rendered":"<p>E-TakesCare es un laboratorio franc\u00e9s que ha desarrollado Tucky, el primer term\u00f3metro de parche para el control remoto y continuo de la temperatura del paciente.<\/p>\n<p>Con sede en Montrab\u00e9, esta innovadora empresa dise\u00f1a dispositivos m\u00e9dicos y soluciones digitales de salud. Ha obtenido el certificado m\u00e9dico <a href=\"http:\/\/www.e-takescare.com\/wp-content\/uploads\/2020\/11\/E-TAKESCARE-Certificate-EN-ISO-13485-No.-IT269885.pdf\">ISO 13485<\/a> emitido por el organismo notificado Bureau Veritas.<\/p>\n<p>Conectados a la privacidad, todos los datos de salud est\u00e1n asegurados y almacenados en una nube de salud certificada por HADS.<\/p>\n<p>Este term\u00f3metro port\u00e1til se distribuye al p\u00fablico en general a trav\u00e9s de farmacias y tiendas de cuidado de ni\u00f1os, as\u00ed como a profesionales (guarder\u00edas y centros de salud).<\/p>\n<p><strong>Ellos conf\u00edan en nosotros:<\/strong><\/p>\n<p><a href=\"http:\/\/www.e-takescare.com\/wp-content\/uploads\/2015\/12\/Norme-ISO-13485.jpg\"><img loading=\"lazy\" decoding=\"async\" class=\"alignnone wp-image-7303\" src=\"http:\/\/www.e-takescare.com\/wp-content\/uploads\/2015\/12\/Norme-ISO-13485.jpg\" alt=\"norme-iso-13485\" width=\"92\" height=\"88\" \/><\/a>\u00a0 \u00a0\u00a0 \u00a0 \u00a0\u00a0<a href=\"http:\/\/www.e-takescare.com\/wp-content\/uploads\/2015\/12\/La-Poste_French-IoT.png\"><img loading=\"lazy\" decoding=\"async\" class=\"alignnone wp-image-7292\" src=\"http:\/\/www.e-takescare.com\/wp-content\/uploads\/2015\/12\/La-Poste_French-IoT-300x107.png\" alt=\"la-poste_french-iot\" width=\"210\" height=\"75\" srcset=\"https:\/\/www.e-takescare.com\/wp-content\/uploads\/2015\/12\/La-Poste_French-IoT-300x107.png 300w, https:\/\/www.e-takescare.com\/wp-content\/uploads\/2015\/12\/La-Poste_French-IoT.png 400w\" sizes=\"auto, (max-width: 210px) 100vw, 210px\" \/><\/a>\u00a0 \u00a0 \u00a0 \u00a0 \u00a0<a href=\"http:\/\/www.e-takescare.com\/wp-content\/uploads\/2015\/12\/BANQUE-POPULAIRE-VAL-DE-FRANCE-PARTICULIERS.jpg\"><img loading=\"lazy\" decoding=\"async\" class=\"alignnone wp-image-7293\" src=\"http:\/\/www.e-takescare.com\/wp-content\/uploads\/2015\/12\/BANQUE-POPULAIRE-VAL-DE-FRANCE-PARTICULIERS.jpg\" alt=\"banque-populaire-val-de-france-particuliers\" width=\"207\" height=\"58\" \/><\/a>\u00a0 \u00a0 \u00a0 \u00a0 \u00a0<img loading=\"lazy\" decoding=\"async\" class=\"alignnone wp-image-7287\" src=\"http:\/\/www.e-takescare.com\/wp-content\/uploads\/2015\/12\/Banque-publique-dinvestissement-718x536-300x224.jpg\" alt=\"banque-publique-dinvestissement-718x536\" width=\"126\" height=\"94\" srcset=\"https:\/\/www.e-takescare.com\/wp-content\/uploads\/2015\/12\/Banque-publique-dinvestissement-718x536-300x224.jpg 300w, https:\/\/www.e-takescare.com\/wp-content\/uploads\/2015\/12\/Banque-publique-dinvestissement-718x536-600x448.jpg 600w, https:\/\/www.e-takescare.com\/wp-content\/uploads\/2015\/12\/Banque-publique-dinvestissement-718x536-500x373.jpg 500w, https:\/\/www.e-takescare.com\/wp-content\/uploads\/2015\/12\/Banque-publique-dinvestissement-718x536.jpg 718w\" sizes=\"auto, (max-width: 126px) 100vw, 126px\" \/><\/p>\n<p><a href=\"http:\/\/www.e-takescare.com\/wp-content\/uploads\/2015\/12\/Angel-Sant\u00e9.png\"><img loading=\"lazy\" decoding=\"async\" class=\"alignnone wp-image-7294\" src=\"http:\/\/www.e-takescare.com\/wp-content\/uploads\/2015\/12\/Angel-Sant\u00e9.png\" alt=\"angel-sante\" width=\"150\" height=\"57\" \/>\u00a0 \u00a0 \u00a0\u00a0<\/a><a href=\"http:\/\/www.e-takescare.com\/wp-content\/uploads\/2015\/12\/IT-angels.jpg\"><img loading=\"lazy\" decoding=\"async\" class=\"alignnone wp-image-7302\" src=\"http:\/\/www.e-takescare.com\/wp-content\/uploads\/2015\/12\/IT-angels-300x93.jpg\" alt=\"it-angels\" width=\"145\" height=\"45\" srcset=\"https:\/\/www.e-takescare.com\/wp-content\/uploads\/2015\/12\/IT-angels-300x93.jpg 300w, https:\/\/www.e-takescare.com\/wp-content\/uploads\/2015\/12\/IT-angels.jpg 402w\" sizes=\"auto, (max-width: 145px) 100vw, 145px\" \/><\/a><a href=\"http:\/\/www.e-takescare.com\/wp-content\/uploads\/2015\/12\/CES-Las-Vegas.jpeg\">\u00a0<img loading=\"lazy\" decoding=\"async\" class=\"alignnone wp-image-7289\" src=\"http:\/\/www.e-takescare.com\/wp-content\/uploads\/2015\/12\/CES-Las-Vegas-300x206.jpeg\" alt=\"ces-las-vegas\" width=\"109\" height=\"75\" srcset=\"https:\/\/www.e-takescare.com\/wp-content\/uploads\/2015\/12\/CES-Las-Vegas-300x206.jpeg 300w, https:\/\/www.e-takescare.com\/wp-content\/uploads\/2015\/12\/CES-Las-Vegas-600x412.jpeg 600w, https:\/\/www.e-takescare.com\/wp-content\/uploads\/2015\/12\/CES-Las-Vegas-768x527.jpeg 768w, https:\/\/www.e-takescare.com\/wp-content\/uploads\/2015\/12\/CES-Las-Vegas-1024x703.jpeg 1024w, https:\/\/www.e-takescare.com\/wp-content\/uploads\/2015\/12\/CES-Las-Vegas-1200x824.jpeg 1200w, https:\/\/www.e-takescare.com\/wp-content\/uploads\/2015\/12\/CES-Las-Vegas-800x549.jpeg 800w, https:\/\/www.e-takescare.com\/wp-content\/uploads\/2015\/12\/CES-Las-Vegas-500x343.jpeg 500w\" sizes=\"auto, (max-width: 109px) 100vw, 109px\" \/><\/a>\u00a0 \u00a0 \u00a0 \u00a0 \u00a0<img loading=\"lazy\" decoding=\"async\" class=\"alignnone wp-image-7288\" src=\"http:\/\/www.e-takescare.com\/wp-content\/uploads\/2015\/12\/logorvb__010508600_1130_04052015-300x109.jpg\" alt=\"logorvb__010508600_1130_04052015\" width=\"145\" height=\"53\" \/>\u00a0 \u00a0 \u00a0\u00a0<img loading=\"lazy\" decoding=\"async\" class=\"alignnone wp-image-7286\" src=\"http:\/\/www.e-takescare.com\/wp-content\/uploads\/2015\/12\/Logo-encapsul-RE-yveline-BASmodif.png\" alt=\"logo-encapsul-re-yveline-basmodif\" width=\"125\" height=\"71\" \/><\/p>","protected":false},"excerpt":{"rendered":"<p>E-TakesCare es un laboratorio franc\u00e9s que ha desarrollado Tucky, el primer term\u00f3metro de parche para el control remoto y continuo de la temperatura del paciente. Con sede en Montrab\u00e9, esta innovadora empresa dise\u00f1a dispositivos m\u00e9dicos y soluciones digitales de salud. Ha obtenido el certificado m\u00e9dico ISO 13485 emitido por el organismo notificado Bureau Veritas. Conectados&hellip;<\/p>\n","protected":false},"author":2,"featured_media":0,"parent":0,"menu_order":0,"comment_status":"closed","ping_status":"closed","template":"","meta":{"footnotes":""},"class_list":["post-5671","page","type-page","status-publish","hentry"],"_links":{"self":[{"href":"https:\/\/www.e-takescare.com\/es\/wp-json\/wp\/v2\/pages\/5671","targetHints":{"allow":["GET"]}}],"collection":[{"href":"https:\/\/www.e-takescare.com\/es\/wp-json\/wp\/v2\/pages"}],"about":[{"href":"https:\/\/www.e-takescare.com\/es\/wp-json\/wp\/v2\/types\/page"}],"author":[{"embeddable":true,"href":"https:\/\/www.e-takescare.com\/es\/wp-json\/wp\/v2\/users\/2"}],"replies":[{"embeddable":true,"href":"https:\/\/www.e-takescare.com\/es\/wp-json\/wp\/v2\/comments?post=5671"}],"version-history":[{"count":23,"href":"https:\/\/www.e-takescare.com\/es\/wp-json\/wp\/v2\/pages\/5671\/revisions"}],"predecessor-version":[{"id":15355,"href":"https:\/\/www.e-takescare.com\/es\/wp-json\/wp\/v2\/pages\/5671\/revisions\/15355"}],"wp:attachment":[{"href":"https:\/\/www.e-takescare.com\/es\/wp-json\/wp\/v2\/media?parent=5671"}],"curies":[{"name":"wp","href":"https:\/\/api.w.org\/{rel}","templated":true}]}}