{"id":7006,"date":"2016-07-12T09:26:57","date_gmt":"2016-07-12T08:26:57","guid":{"rendered":"http:\/\/www.e-takescare.com\/?page_id=7006"},"modified":"2021-01-07T15:06:04","modified_gmt":"2021-01-07T14:06:04","slug":"contact","status":"publish","type":"page","link":"https:\/\/www.e-takescare.com\/es\/contact","title":{"rendered":"Contacto"},"content":{"rendered":"<p><\/p>\n<h2 style=\"text-align: center;\">\u00bfTe gustar\u00eda colaborar con<\/h2>\n<h2 style=\"text-align: center;\">e-TakesCare Lab?<\/h2>\n<p style=\"text-align: center;\"><a href=\"http:\/\/www.e-takescare.com\/wp-content\/uploads\/2018\/04\/Icon_BDD_Datenschutz_Beratungen-1-300x225.png\"><img loading=\"lazy\" decoding=\"async\" class=\"alignnone wp-image-9484\" src=\"http:\/\/www.e-takescare.com\/wp-content\/uploads\/2018\/04\/Icon_BDD_Datenschutz_Beratungen-1-300x225.png\" alt=\"\" width=\"237\" height=\"178\" \/><\/a><\/p>\n<blockquote>\n<p style=\"text-align: center;\">No dude en contactarnos !<\/p>\n<p style=\"text-align: center;\"><!--more--><\/p>\n<\/blockquote>\n<p>\n<div class=\"wpcf7 no-js\" id=\"wpcf7-f6081-o3\" lang=\"fr-FR\" dir=\"ltr\" data-wpcf7-id=\"6081\">\n<div class=\"screen-reader-response\"><p role=\"status\" aria-live=\"polite\" aria-atomic=\"true\"><\/p> <ul><\/ul><\/div>\n<form action=\"\/es\/wp-json\/wp\/v2\/pages\/7006#wpcf7-f6081-o3\" method=\"post\" class=\"wpcf7-form init\" aria-label=\"Formulaire de contact\" novalidate=\"novalidate\" data-status=\"init\">\n<div style=\"display: none;\">\n<input type=\"hidden\" name=\"_wpcf7\" value=\"6081\" \/>\n<input type=\"hidden\" name=\"_wpcf7_version\" value=\"6.0.3\" \/>\n<input type=\"hidden\" name=\"_wpcf7_locale\" value=\"fr_FR\" \/>\n<input type=\"hidden\" name=\"_wpcf7_unit_tag\" value=\"wpcf7-f6081-o3\" \/>\n<input type=\"hidden\" name=\"_wpcf7_container_post\" value=\"0\" \/>\n<input type=\"hidden\" name=\"_wpcf7_posted_data_hash\" value=\"\" \/>\n<input type=\"hidden\" name=\"_wpcf7dtx_version\" value=\"5.0.2\" \/>\n<input type=\"hidden\" name=\"_wpcf7_recaptcha_response\" value=\"\" \/>\n<\/div>\n<p>Nombre *<br \/>\n<span class=\"wpcf7-form-control-wrap\" data-name=\"your-name\"><input size=\"40\" maxlength=\"400\" class=\"wpcf7-form-control wpcf7-text wpcf7-validates-as-required\" aria-required=\"true\" aria-invalid=\"false\" value=\"\" type=\"text\" name=\"your-name\" \/><\/span><br \/>\nDirecci\u00f3n de correo *<br \/>\n<span class=\"wpcf7-form-control-wrap\" data-name=\"your-email\"><input size=\"40\" maxlength=\"400\" class=\"wpcf7-form-control wpcf7-email wpcf7-validates-as-required wpcf7-text wpcf7-validates-as-email\" aria-required=\"true\" aria-invalid=\"false\" value=\"\" type=\"email\" name=\"your-email\" \/><\/span><br \/>\nAsunto\u00a0<br \/>\n<span class=\"wpcf7-form-control-wrap\" data-name=\"your-subject\"><input size=\"40\" maxlength=\"400\" class=\"wpcf7-form-control wpcf7-text\" aria-invalid=\"false\" value=\"\" type=\"text\" name=\"your-subject\" \/><\/span><br \/>\nMensaje<br \/>\n<span class=\"wpcf7-form-control-wrap\" data-name=\"your-message\"><textarea cols=\"40\" rows=\"10\" maxlength=\"2000\" class=\"wpcf7-form-control wpcf7-textarea\" aria-invalid=\"false\" name=\"your-message\"><\/textarea><\/span>\n<\/p>\n<p><input class=\"wpcf7-form-control wpcf7-submit has-spinner\" type=\"submit\" value=\"Enviar\" \/>\n<\/p><div class=\"wpcf7-response-output\" aria-hidden=\"true\"><\/div>\n<\/form>\n<\/div>\n<\/p>","protected":false},"excerpt":{"rendered":"<p>Disculpa, pero esta entrada est\u00e1 disponible s\u00f3lo en Fran\u00e7ais. For the sake of viewer convenience, the content is shown below in the alternative language. You may click the link to switch the active language. Vous souhaitez collaborer avec le laboratoire e-TakesCare ? N&#8217;h\u00e9sitez pas \u00e0 nous contacter !<\/p>\n","protected":false},"author":2,"featured_media":0,"parent":0,"menu_order":0,"comment_status":"closed","ping_status":"closed","template":"","meta":{"footnotes":""},"class_list":["post-7006","page","type-page","status-publish","hentry"],"_links":{"self":[{"href":"https:\/\/www.e-takescare.com\/es\/wp-json\/wp\/v2\/pages\/7006","targetHints":{"allow":["GET"]}}],"collection":[{"href":"https:\/\/www.e-takescare.com\/es\/wp-json\/wp\/v2\/pages"}],"about":[{"href":"https:\/\/www.e-takescare.com\/es\/wp-json\/wp\/v2\/types\/page"}],"author":[{"embeddable":true,"href":"https:\/\/www.e-takescare.com\/es\/wp-json\/wp\/v2\/users\/2"}],"replies":[{"embeddable":true,"href":"https:\/\/www.e-takescare.com\/es\/wp-json\/wp\/v2\/comments?post=7006"}],"version-history":[{"count":14,"href":"https:\/\/www.e-takescare.com\/es\/wp-json\/wp\/v2\/pages\/7006\/revisions"}],"predecessor-version":[{"id":12525,"href":"https:\/\/www.e-takescare.com\/es\/wp-json\/wp\/v2\/pages\/7006\/revisions\/12525"}],"wp:attachment":[{"href":"https:\/\/www.e-takescare.com\/es\/wp-json\/wp\/v2\/media?parent=7006"}],"curies":[{"name":"wp","href":"https:\/\/api.w.org\/{rel}","templated":true}]}}