{"id":8375,"date":"2017-05-18T17:16:20","date_gmt":"2017-05-18T16:16:20","guid":{"rendered":"http:\/\/www.e-takescare.com\/?page_id=8375"},"modified":"2021-03-11T22:28:57","modified_gmt":"2021-03-11T21:28:57","slug":"distributors","status":"publish","type":"page","link":"https:\/\/www.e-takescare.com\/es\/distributors","title":{"rendered":"Socios distribuidores"},"content":{"rendered":"<p class=\"qtranxs-available-languages-message qtranxs-available-languages-message-es\">Disculpa, pero esta entrada est\u00e1 disponible s\u00f3lo en <a href=\"https:\/\/www.e-takescare.com\/fr\/wp-json\/wp\/v2\/pages\/8375\" class=\"qtranxs-available-language-link qtranxs-available-language-link-fr\" title=\"Fran\u00e7ais\">Fran\u00e7ais<\/a>. For the sake of viewer convenience, the content is shown below in the alternative language. You may click the link to switch the active language.<\/p><p><\/p>\n<p><\/p>","protected":false},"excerpt":{"rendered":"<p>Disculpa, pero esta entrada est\u00e1 disponible s\u00f3lo en Fran\u00e7ais. For the sake of viewer convenience, the content is shown below in the alternative language. You may click the link to switch the active language.<\/p>\n","protected":false},"author":2,"featured_media":0,"parent":0,"menu_order":0,"comment_status":"closed","ping_status":"closed","template":"template_builder.php","meta":{"footnotes":""},"class_list":["post-8375","page","type-page","status-publish","hentry"],"_links":{"self":[{"href":"https:\/\/www.e-takescare.com\/es\/wp-json\/wp\/v2\/pages\/8375","targetHints":{"allow":["GET"]}}],"collection":[{"href":"https:\/\/www.e-takescare.com\/es\/wp-json\/wp\/v2\/pages"}],"about":[{"href":"https:\/\/www.e-takescare.com\/es\/wp-json\/wp\/v2\/types\/page"}],"author":[{"embeddable":true,"href":"https:\/\/www.e-takescare.com\/es\/wp-json\/wp\/v2\/users\/2"}],"replies":[{"embeddable":true,"href":"https:\/\/www.e-takescare.com\/es\/wp-json\/wp\/v2\/comments?post=8375"}],"version-history":[{"count":3,"href":"https:\/\/www.e-takescare.com\/es\/wp-json\/wp\/v2\/pages\/8375\/revisions"}],"predecessor-version":[{"id":12947,"href":"https:\/\/www.e-takescare.com\/es\/wp-json\/wp\/v2\/pages\/8375\/revisions\/12947"}],"wp:attachment":[{"href":"https:\/\/www.e-takescare.com\/es\/wp-json\/wp\/v2\/media?parent=8375"}],"curies":[{"name":"wp","href":"https:\/\/api.w.org\/{rel}","templated":true}]}}