{"id":13359,"date":"2021-06-30T10:27:50","date_gmt":"2021-06-30T09:27:50","guid":{"rendered":"https:\/\/www.e-takescare.com\/?post_type=product&#038;p=13359"},"modified":"2025-01-15T13:27:16","modified_gmt":"2025-01-15T12:27:16","slug":"pack-2-tucky-2-adh","status":"publish","type":"product","link":"https:\/\/www.e-takescare.com\/es\/produit\/pack-2-tucky-2-adh","title":{"rendered":"Family Pack"},"content":{"rendered":"","protected":false},"excerpt":{"rendered":"<p>&nbsp;<\/p>\n<p>Con nuestro Family Pack, puede monitorizar la temperatura de 2 personas simult\u00e1neamente en la aplicaci\u00f3n.<\/p>\n<p>El term\u00f3metro de parche Tucky permite controlar la temperatura de forma continua y a distancia sin molestar a los pacientes. Los adhesivos est\u00e1n especialmente dise\u00f1ados para que el term\u00f3metro Tucky se adhiera perfectamente a todo tipo de pieles, incluso las m\u00e1s sensibles.<\/p>\n<p><strong>Composici\u00f3n del Family Pack<\/strong><\/p>\n<ul>\n<li>2 term\u00f3metros de parche conectados Tucky-21W<\/li>\n<li>2 cajas de recambio de 15 adhesivos ADH-21-P1<\/li>\n<\/ul>\n<p>&nbsp;<\/p>\n<p><em><b>Env\u00edo gratis en Europa <\/b>a partir de 60\u20ac ;<\/em><br \/>\n<em><strong>Plazo de entrega:<\/strong> 48 horas laborables en Francia, de 4 a 6 d\u00edas laborables en Europa\u00a0<\/em><br \/>\n<strong><em>Pago seguro;<\/em><\/strong><br \/>\n30 d\u00edas de <b>garant\u00eda de devoluci\u00f3n del dinero<\/b><br \/>\n<em>El term\u00f3metro Tucky tiene <strong>una garant\u00eda de 2 a\u00f1os<\/strong><\/em><\/p>\n<p>&nbsp;<\/p>\n<p><em>* Los servicios de entrega est\u00e1n reanudando gradualmente su actividad normal. Los plazos de entrega pueden extenderse de 2 a 3 d\u00edas.\u00a0<\/em><\/p>\n","protected":false},"featured_media":13770,"comment_status":"closed","ping_status":"closed","template":"","meta":[],"product_cat":[234],"product_tag":[],"class_list":{"0":"post-13359","1":"product","2":"type-product","3":"status-publish","4":"has-post-thumbnail","6":"product_cat-non-classe","8":"first","9":"instock","10":"sale","11":"taxable","12":"shipping-taxable","13":"purchasable","14":"product-type-simple"},"_links":{"self":[{"href":"https:\/\/www.e-takescare.com\/es\/wp-json\/wp\/v2\/product\/13359","targetHints":{"allow":["GET"]}}],"collection":[{"href":"https:\/\/www.e-takescare.com\/es\/wp-json\/wp\/v2\/product"}],"about":[{"href":"https:\/\/www.e-takescare.com\/es\/wp-json\/wp\/v2\/types\/product"}],"replies":[{"embeddable":true,"href":"https:\/\/www.e-takescare.com\/es\/wp-json\/wp\/v2\/comments?post=13359"}],"wp:featuredmedia":[{"embeddable":true,"href":"https:\/\/www.e-takescare.com\/es\/wp-json\/wp\/v2\/media\/13770"}],"wp:attachment":[{"href":"https:\/\/www.e-takescare.com\/es\/wp-json\/wp\/v2\/media?parent=13359"}],"wp:term":[{"taxonomy":"product_cat","embeddable":true,"href":"https:\/\/www.e-takescare.com\/es\/wp-json\/wp\/v2\/product_cat?post=13359"},{"taxonomy":"product_tag","embeddable":true,"href":"https:\/\/www.e-takescare.com\/es\/wp-json\/wp\/v2\/product_tag?post=13359"}],"curies":[{"name":"wp","href":"https:\/\/api.w.org\/{rel}","templated":true}]}}