{"id":6622,"date":"2016-02-10T18:17:14","date_gmt":"2016-02-10T17:17:14","guid":{"rendered":"http:\/\/www.e-takescare.com\/?post_type=product&#038;p=6622"},"modified":"2025-11-01T00:00:03","modified_gmt":"2025-10-31T23:00:03","slug":"tucky","status":"publish","type":"product","link":"https:\/\/www.e-takescare.com\/es\/produit\/tucky","title":{"rendered":"Tucky, term\u00f3metro connectado [TUCKY-21W] &#8211; Oferta especial descuento de 35%"},"content":{"rendered":"","protected":false},"excerpt":{"rendered":"<p>El term\u00f3metro para controlar a distancia la evoluci\u00f3n de la fiebre.<br \/>\nSus dos funciones (<strong>term\u00f3metro<\/strong> y <strong>monitor de posici\u00f3n<\/strong>) te permite :<\/p>\n<ul>\n<li style=\"list-style-type: none;\">\n<ul>\n<li><strong>SEGUIMIENTO CONTINUO DE LA TEMPERATURA<\/strong><br \/>\nUsted controla la fiebre real tiempo y la efectividad de los medicamentos<\/li>\n<li><strong>ACCESO REMOTO A LOS DATOS<\/strong><br \/>\nEn oficia o en la habitaci\u00f3n de al lado, sigue la evoluci\u00f3n de la temperatura<\/li>\n<li><strong>INOFENSIVO PARA EL NI\u00d1O<\/strong><br \/>\nCon sus materiales biocompatibles e hipoalerg\u00e9nicos, no hay riesgo de alergia. Adem\u00e1s, Tucky solo emite el 0.05% del tiempo. Su poder de transmisi\u00f3n es 250 veces m\u00e1s bajo que el de un monitor de beb\u00e9 cl\u00e1sico para ejemplo.<\/li>\n<\/ul>\n<\/li>\n<\/ul>\n<div id=\"block_110878296360f6eb2254e41\" class=\"element element-1 element-icon_box element-block first no-popout suck-up clearfix\">\n<div class=\"tb-icon-box icon-above\">\n<div class=\"entry-content\">\n<p><em><strong>Plazo de entrega<\/strong>: 48 horas laborables en Francia, de 4 a 6 d\u00edas laborables en Europa ;<\/em><br \/>\n<em>Pago <strong>seguro<\/strong> ;<\/em><br \/>\n<em>30 d\u00edas de<b> garant\u00eda de devoluci\u00f3n del dinero;<\/b><\/em><br \/>\n<em><strong>2 a\u00f1os<\/strong> de garant\u00eda<\/em><\/p>\n<p><em>* Los servicios de entrega est\u00e1n reanudando gradualmente su actividad normal. Los plazos de entrega pueden extenderse de 2 a 3 d\u00edas.\u00a0<\/em><\/p>\n<\/div>\n<\/div>\n<\/div>\n","protected":false},"featured_media":11991,"comment_status":"closed","ping_status":"closed","template":"","meta":[],"product_cat":[234],"product_tag":[],"class_list":{"0":"post-6622","1":"product","2":"type-product","3":"status-publish","4":"has-post-thumbnail","6":"product_cat-non-classe","7":"product_shipping_class-tuckys","9":"first","10":"instock","11":"featured","12":"taxable","13":"shipping-taxable","14":"purchasable","15":"product-type-simple"},"_links":{"self":[{"href":"https:\/\/www.e-takescare.com\/es\/wp-json\/wp\/v2\/product\/6622","targetHints":{"allow":["GET"]}}],"collection":[{"href":"https:\/\/www.e-takescare.com\/es\/wp-json\/wp\/v2\/product"}],"about":[{"href":"https:\/\/www.e-takescare.com\/es\/wp-json\/wp\/v2\/types\/product"}],"replies":[{"embeddable":true,"href":"https:\/\/www.e-takescare.com\/es\/wp-json\/wp\/v2\/comments?post=6622"}],"wp:featuredmedia":[{"embeddable":true,"href":"https:\/\/www.e-takescare.com\/es\/wp-json\/wp\/v2\/media\/11991"}],"wp:attachment":[{"href":"https:\/\/www.e-takescare.com\/es\/wp-json\/wp\/v2\/media?parent=6622"}],"wp:term":[{"taxonomy":"product_cat","embeddable":true,"href":"https:\/\/www.e-takescare.com\/es\/wp-json\/wp\/v2\/product_cat?post=6622"},{"taxonomy":"product_tag","embeddable":true,"href":"https:\/\/www.e-takescare.com\/es\/wp-json\/wp\/v2\/product_tag?post=6622"}],"curies":[{"name":"wp","href":"https:\/\/api.w.org\/{rel}","templated":true}]}}